{"id":1286,"date":"2020-06-12T11:36:24","date_gmt":"2020-06-12T11:36:24","guid":{"rendered":"https:\/\/www.mobilityguard.com\/?page_id=1286"},"modified":"2023-01-31T07:21:13","modified_gmt":"2023-01-31T07:21:13","slug":"driftstatus","status":"publish","type":"page","link":"https:\/\/www.mobilityguard.com\/sv\/tjanster\/driftstatus\/","title":{"rendered":"Driftstatus"},"content":{"rendered":"<p>[et_pb_section fb_built=&#8221;1&#8243; _builder_version=&#8221;4.16&#8243; custom_margin=&#8221;0px||0px||false|false&#8221; custom_padding=&#8221;5px||5px||true|false&#8221; saved_tabs=&#8221;all&#8221; global_colors_info=&#8221;{}&#8221;][et_pb_row _builder_version=&#8221;4.16&#8243; custom_padding=&#8221;10px||10px||true|false&#8221; global_colors_info=&#8221;{}&#8221;][et_pb_column type=&#8221;4_4&#8243; _builder_version=&#8221;4.16&#8243; global_colors_info=&#8221;{}&#8221;][et_pb_text _builder_version=&#8221;4.16&#8243; text_font=&#8221;Overpass||||||||&#8221; text_font_size=&#8221;15px&#8221; text_font_size_tablet=&#8221;13px&#8221; text_font_size_phone=&#8221;&#8221; text_font_size_last_edited=&#8221;on|tablet&#8221; global_colors_info=&#8221;{}&#8221;]<span><span><a href=\"https:\/\/www.mobilityguard.com\/sv\/\">Hem<\/a><\/span><\/span><br \/>\n[\/et_pb_text][\/et_pb_column][\/et_pb_row][\/et_pb_section][et_pb_section fb_built=&#8221;1&#8243; custom_padding_last_edited=&#8221;on|phone&#8221; _builder_version=&#8221;4.16&#8243; custom_padding=&#8221;60px||60px||true|false&#8221; custom_padding_tablet=&#8221;40px||40px||true|false&#8221; custom_padding_phone=&#8221;||40px||false|false&#8221; global_colors_info=&#8221;{}&#8221;][et_pb_row custom_padding_last_edited=&#8221;on|phone&#8221; _builder_version=&#8221;4.16&#8243; width_phone=&#8221;90%&#8221; width_last_edited=&#8221;off|desktop&#8221; custom_margin=&#8221;||20px||false|true&#8221; custom_padding=&#8221;20px|80px|20px|80px|true|true&#8221; custom_padding_tablet=&#8221;|0px||0px|true|true&#8221; custom_padding_phone=&#8221;20px|0px|0px|0px|false|true&#8221; global_colors_info=&#8221;{}&#8221; width__hover_enabled=&#8221;off|desktop&#8221;][et_pb_column type=&#8221;4_4&#8243; _builder_version=&#8221;4.16&#8243; global_colors_info=&#8221;{}&#8221;][et_pb_text _builder_version=&#8221;4.19.0&#8243; text_font=&#8221;Raleway||||||||&#8221; header_font=&#8221;Overpass|800|||||||&#8221; header_text_color=&#8221;#5d5d5d&#8221; header_font_size=&#8221;60px&#8221; header_line_height=&#8221;1.2em&#8221; header_2_font=&#8221;Overpass|800|||||||&#8221; header_2_text_color=&#8221;#5d5d5d&#8221; header_2_font_size=&#8221;46px&#8221; header_2_line_height=&#8221;1.2em&#8221; header_3_font=&#8221;Overpass|800|||||||&#8221; header_3_text_color=&#8221;#5d5d5d&#8221; header_3_font_size=&#8221;36px&#8221; header_3_line_height=&#8221;1.2em&#8221; header_4_font=&#8221;Overpass|800|||||||&#8221; header_4_text_color=&#8221;#5d5d5d&#8221; header_4_font_size=&#8221;34px&#8221; header_4_line_height=&#8221;1.2em&#8221; header_5_text_color=&#8221;#5d5d5d&#8221; header_5_font_size=&#8221;28px&#8221; header_5_line_height=&#8221;1.2em&#8221; header_6_font=&#8221;Overpass|800|||||||&#8221; header_6_text_color=&#8221;#5d5d5d&#8221; header_6_font_size=&#8221;24px&#8221; header_6_line_height=&#8221;1.2em&#8221; custom_margin=&#8221;||||false|false&#8221; hover_enabled=&#8221;0&#8243; text_font_size_tablet=&#8221;16px&#8221; text_font_size_phone=&#8221;16px&#8221; text_font_size_last_edited=&#8221;on|desktop&#8221; header_font_size_tablet=&#8221;42px&#8221; header_font_size_phone=&#8221;36px&#8221; header_font_size_last_edited=&#8221;on|phone&#8221; header_2_font_size_tablet=&#8221;36px&#8221; header_2_font_size_phone=&#8221;32px&#8221; header_2_font_size_last_edited=&#8221;on|phone&#8221; header_3_font_size_tablet=&#8221;32px&#8221; header_3_font_size_phone=&#8221;22px&#8221; header_3_font_size_last_edited=&#8221;on|desktop&#8221; header_4_font_size_tablet=&#8221;26px&#8221; header_4_font_size_phone=&#8221;20px&#8221; header_4_font_size_last_edited=&#8221;on|desktop&#8221; header_5_font_size_tablet=&#8221;22px&#8221; header_5_font_size_phone=&#8221;18px&#8221; header_5_font_size_last_edited=&#8221;on|desktop&#8221; header_6_font_size_tablet=&#8221;20px&#8221; header_6_font_size_phone=&#8221;16px&#8221; header_6_font_size_last_edited=&#8221;on|desktop&#8221; global_colors_info=&#8221;{}&#8221; sticky_enabled=&#8221;0&#8243;]<\/p>\n<h1 style=\"text-align: center;\">Driftstatus<\/h1>\n<p style=\"text-align: center;\">Denna sida inneh\u00e5ller information om aktuella st\u00f6rningar i v\u00e5ra tj\u00e4nster.<\/p>\n<p>[\/et_pb_text][\/et_pb_column][\/et_pb_row][\/et_pb_section][et_pb_section fb_built=&#8221;1&#8243; custom_padding_last_edited=&#8221;on|phone&#8221; _builder_version=&#8221;4.16&#8243; custom_padding=&#8221;0px||60px||false|false&#8221; custom_padding_tablet=&#8221;0px||40px||false|false&#8221; custom_padding_phone=&#8221;0px||40px||false|false&#8221; global_colors_info=&#8221;{}&#8221;][et_pb_row custom_padding_last_edited=&#8221;on|phone&#8221; _builder_version=&#8221;4.16&#8243; width_phone=&#8221;90%&#8221; width_last_edited=&#8221;off|desktop&#8221; custom_margin=&#8221;||20px||false|true&#8221; custom_padding=&#8221;20px|80px|20px|80px|true|true&#8221; custom_padding_tablet=&#8221;|0px||0px|true|true&#8221; custom_padding_phone=&#8221;20px|0px|0px|0px|false|true&#8221; global_colors_info=&#8221;{}&#8221; width__hover_enabled=&#8221;off|desktop&#8221;][et_pb_column type=&#8221;4_4&#8243; _builder_version=&#8221;4.16&#8243; global_colors_info=&#8221;{}&#8221;][et_pb_text _builder_version=&#8221;4.16&#8243; text_font=&#8221;Raleway||||||||&#8221; header_font=&#8221;Overpass|800|||||||&#8221; header_text_color=&#8221;#5d5d5d&#8221; header_font_size=&#8221;60px&#8221; header_line_height=&#8221;1.2em&#8221; header_2_font=&#8221;Overpass|800|||||||&#8221; header_2_text_color=&#8221;#5d5d5d&#8221; header_2_font_size=&#8221;46px&#8221; header_2_line_height=&#8221;1.2em&#8221; header_3_font=&#8221;Overpass|800|||||||&#8221; header_3_text_color=&#8221;#5d5d5d&#8221; header_3_font_size=&#8221;36px&#8221; header_3_line_height=&#8221;1.2em&#8221; header_4_font=&#8221;Overpass|800|||||||&#8221; header_4_text_color=&#8221;#5d5d5d&#8221; header_4_font_size=&#8221;34px&#8221; header_4_line_height=&#8221;1.2em&#8221; header_5_text_color=&#8221;#5d5d5d&#8221; header_5_font_size=&#8221;28px&#8221; header_5_line_height=&#8221;1.2em&#8221; header_6_font=&#8221;Overpass|800|||||||&#8221; header_6_text_color=&#8221;#5d5d5d&#8221; header_6_font_size=&#8221;24px&#8221; header_6_line_height=&#8221;1.2em&#8221; custom_margin=&#8221;||||false|false&#8221; text_font_size_tablet=&#8221;16px&#8221; text_font_size_phone=&#8221;16px&#8221; text_font_size_last_edited=&#8221;on|desktop&#8221; header_font_size_tablet=&#8221;42px&#8221; header_font_size_phone=&#8221;36px&#8221; header_font_size_last_edited=&#8221;on|phone&#8221; header_2_font_size_tablet=&#8221;36px&#8221; header_2_font_size_phone=&#8221;32px&#8221; header_2_font_size_last_edited=&#8221;on|phone&#8221; header_3_font_size_tablet=&#8221;32px&#8221; header_3_font_size_phone=&#8221;22px&#8221; header_3_font_size_last_edited=&#8221;on|desktop&#8221; header_4_font_size_tablet=&#8221;26px&#8221; header_4_font_size_phone=&#8221;20px&#8221; header_4_font_size_last_edited=&#8221;on|desktop&#8221; header_5_font_size_tablet=&#8221;22px&#8221; header_5_font_size_phone=&#8221;18px&#8221; header_5_font_size_last_edited=&#8221;on|desktop&#8221; header_6_font_size_tablet=&#8221;20px&#8221; header_6_font_size_phone=&#8221;16px&#8221; header_6_font_size_last_edited=&#8221;on|desktop&#8221; global_colors_info=&#8221;{}&#8221;]<\/p>\n<p style=\"text-align: left;\"><strong>Det finns inga st\u00f6rningar just nu.<\/strong><\/p>\n<p>[\/et_pb_text][\/et_pb_column][\/et_pb_row][\/et_pb_section]<\/p>\n","protected":false},"excerpt":{"rendered":"<p><span><span><a href=\"https:\/\/www.mobilityguard.com\/sv\/\">Hem<\/a><\/span><\/span> Driftstatus Denna sida inneh\u00e5ller information om aktuella st\u00f6rningar i v\u00e5ra tj\u00e4nster.Det finns inga st\u00f6rningar just nu.<\/p>\n","protected":false},"author":1,"featured_media":0,"parent":1250,"menu_order":0,"comment_status":"closed","ping_status":"closed","template":"","meta":{"_et_pb_use_builder":"on","_et_pb_old_content":"<p>[et_pb_section fb_built=\"1\" _builder_version=\"3.27.3\" custom_margin=\"0px||0px||false|false\" custom_padding=\"5px||5px||true|false\" global_module=\"230\" saved_tabs=\"all\" fb_built=\"1\" _i=\"0\" _address=\"0\"][et_pb_row _builder_version=\"3.27.3\" custom_padding=\"10px||10px||true|false\" _i=\"0\" _address=\"0.0\"][et_pb_column type=\"4_4\" _builder_version=\"3.27.3\" _i=\"0\" _address=\"0.0.0\"][et_pb_text _builder_version=\"3.27.3\" text_font=\"Overpass||||||||\" text_font_size=\"15px\" text_font_size_tablet=\"13px\" text_font_size_last_edited=\"on|tablet\" _i=\"0\" _address=\"0.0.0.0\"][wpseo_breadcrumb][\/et_pb_text][\/et_pb_column][\/et_pb_row][\/et_pb_section][et_pb_section fb_built=\"1\" custom_padding_last_edited=\"on|phone\" _builder_version=\"3.27.3\" custom_padding=\"60px||60px||true|false\" custom_padding_tablet=\"40px||40px||true|false\" custom_padding_phone=\"||40px||false|false\" fb_built=\"1\" _i=\"1\" _address=\"1\"][et_pb_row custom_padding_last_edited=\"on|phone\" _builder_version=\"3.27.3\" width_phone=\"90%\" width_last_edited=\"off|desktop\" custom_margin=\"||20px||false|true\" custom_padding=\"20px|80px|20px|80px|true|true\" custom_padding_tablet=\"|0px||0px|true|true\" custom_padding_phone=\"20px|0px|0px|0px|false|true\" _i=\"0\" _address=\"1.0\" width__hover_enabled=\"off|desktop\"][et_pb_column type=\"4_4\" _builder_version=\"3.27.3\" _i=\"0\" _address=\"1.0.0\"][et_pb_text _builder_version=\"3.27.3\" text_font=\"Raleway||||||||\" header_font=\"Overpass|800|||||||\" header_text_color=\"#5d5d5d\" header_font_size=\"60px\" header_line_height=\"1.2em\" header_2_font=\"Overpass|800|||||||\" header_2_text_color=\"#5d5d5d\" header_2_font_size=\"46px\" header_2_line_height=\"1.2em\" header_3_font=\"Overpass|800|||||||\" header_3_text_color=\"#5d5d5d\" header_3_font_size=\"36px\" header_3_line_height=\"1.2em\" header_4_font=\"Overpass|800|||||||\" header_4_text_color=\"#5d5d5d\" header_4_font_size=\"34px\" header_4_line_height=\"1.2em\" header_5_text_color=\"#5d5d5d\" header_5_font_size=\"28px\" header_5_line_height=\"1.2em\" header_6_font=\"Overpass|800|||||||\" header_6_text_color=\"#5d5d5d\" header_6_font_size=\"24px\" header_6_line_height=\"1.2em\" custom_margin=\"||||false|false\" hover_enabled=\"0\" text_font_size_tablet=\"16px\" text_font_size_phone=\"16px\" text_font_size_last_edited=\"on|desktop\" header_font_size_tablet=\"42px\" header_font_size_phone=\"36px\" header_font_size_last_edited=\"on|phone\" header_2_font_size_tablet=\"36px\" header_2_font_size_phone=\"32px\" header_2_font_size_last_edited=\"on|phone\" header_3_font_size_tablet=\"32px\" header_3_font_size_phone=\"22px\" header_3_font_size_last_edited=\"on|desktop\" header_4_font_size_tablet=\"26px\" header_4_font_size_phone=\"20px\" header_4_font_size_last_edited=\"on|desktop\" header_5_font_size_tablet=\"22px\" header_5_font_size_phone=\"18px\" header_5_font_size_last_edited=\"on|desktop\" header_6_font_size_tablet=\"20px\" header_6_font_size_phone=\"16px\" header_6_font_size_last_edited=\"on|desktop\" _i=\"0\" _address=\"1.0.0.0\"]<\/p><h2 style=\"text-align: center;\">Status information<\/h2><p style=\"text-align: center;\">This page contains information about current disturbances in our services.<\/p><p>[\/et_pb_text][\/et_pb_column][\/et_pb_row][\/et_pb_section][et_pb_section fb_built=\"1\" custom_padding_last_edited=\"on|phone\" _builder_version=\"3.27.3\" custom_padding=\"0px||60px||false|false\" custom_padding_tablet=\"0px||40px||false|false\" custom_padding_phone=\"0px||40px||false|false\" hover_enabled=\"0\" fb_built=\"1\" _i=\"0\" _address=\"0\"][et_pb_row custom_padding_last_edited=\"on|phone\" _builder_version=\"3.27.3\" width_phone=\"90%\" width_last_edited=\"off|desktop\" custom_margin=\"||20px||false|true\" custom_padding=\"20px|80px|20px|80px|true|true\" custom_padding_tablet=\"|0px||0px|true|true\" custom_padding_phone=\"20px|0px|0px|0px|false|true\" _i=\"0\" _address=\"0.0\" width__hover_enabled=\"off|desktop\"][et_pb_column type=\"4_4\" _builder_version=\"3.27.3\" _i=\"0\" _address=\"0.0.0\"][et_pb_text _builder_version=\"3.27.3\" text_font=\"Raleway||||||||\" header_font=\"Overpass|800|||||||\" header_text_color=\"#5d5d5d\" header_font_size=\"60px\" header_line_height=\"1.2em\" header_2_font=\"Overpass|800|||||||\" header_2_text_color=\"#5d5d5d\" header_2_font_size=\"46px\" header_2_line_height=\"1.2em\" header_3_font=\"Overpass|800|||||||\" header_3_text_color=\"#5d5d5d\" header_3_font_size=\"36px\" header_3_line_height=\"1.2em\" header_4_font=\"Overpass|800|||||||\" header_4_text_color=\"#5d5d5d\" header_4_font_size=\"34px\" header_4_line_height=\"1.2em\" header_5_text_color=\"#5d5d5d\" header_5_font_size=\"28px\" header_5_line_height=\"1.2em\" header_6_font=\"Overpass|800|||||||\" header_6_text_color=\"#5d5d5d\" header_6_font_size=\"24px\" header_6_line_height=\"1.2em\" custom_margin=\"||||false|false\" hover_enabled=\"0\" text_font_size_tablet=\"16px\" text_font_size_phone=\"16px\" text_font_size_last_edited=\"on|desktop\" header_font_size_tablet=\"42px\" header_font_size_phone=\"36px\" header_font_size_last_edited=\"on|phone\" header_2_font_size_tablet=\"36px\" header_2_font_size_phone=\"32px\" header_2_font_size_last_edited=\"on|phone\" header_3_font_size_tablet=\"32px\" header_3_font_size_phone=\"22px\" header_3_font_size_last_edited=\"on|desktop\" header_4_font_size_tablet=\"26px\" header_4_font_size_phone=\"20px\" header_4_font_size_last_edited=\"on|desktop\" header_5_font_size_tablet=\"22px\" header_5_font_size_phone=\"18px\" header_5_font_size_last_edited=\"on|desktop\" header_6_font_size_tablet=\"20px\" header_6_font_size_phone=\"16px\" header_6_font_size_last_edited=\"on|desktop\" _i=\"0\" _address=\"1.0.0.0\"]<\/p><p style=\"text-align: left;\"><strong>There are no disturbances at the moment.<\/strong><\/p><p>[\/et_pb_text][\/et_pb_column][\/et_pb_row][\/et_pb_section]<\/p>","_et_gb_content_width":"","footnotes":""},"class_list":["post-1286","page","type-page","status-publish","hentry"],"yoast_head":"<!-- This site is optimized with the Yoast SEO plugin v24.4 - https:\/\/yoast.com\/wordpress\/plugins\/seo\/ -->\n<title>Driftstatus \u2022 Info om aktuella st\u00f6rningar &#8211; MobilityGuard<\/title>\n<meta name=\"description\" content=\"H\u00e5ll dig uppdaterad ang\u00e5ende aktuella driftst\u00f6rningar i v\u00e5ra tj\u00e4nster hos oss p\u00e5 MobilityGuard.\" \/>\n<meta name=\"robots\" content=\"index, follow, max-snippet:-1, max-image-preview:large, max-video-preview:-1\" \/>\n<link rel=\"canonical\" href=\"https:\/\/www.mobilityguard.com\/sv\/tjanster\/driftstatus\/\" \/>\n<meta property=\"og:locale\" content=\"sv_SE\" \/>\n<meta property=\"og:type\" content=\"article\" \/>\n<meta property=\"og:title\" content=\"Driftstatus \u2022 Info om aktuella st\u00f6rningar &#8211; MobilityGuard\" \/>\n<meta property=\"og:description\" content=\"H\u00e5ll dig uppdaterad ang\u00e5ende aktuella driftst\u00f6rningar i v\u00e5ra tj\u00e4nster hos oss p\u00e5 MobilityGuard.\" \/>\n<meta property=\"og:url\" content=\"https:\/\/www.mobilityguard.com\/sv\/tjanster\/driftstatus\/\" \/>\n<meta property=\"og:site_name\" content=\"MobilityGuard\" \/>\n<meta property=\"article:publisher\" content=\"https:\/\/www.facebook.com\/MobilityGuard\/\" \/>\n<meta property=\"article:modified_time\" content=\"2023-01-31T07:21:13+00:00\" \/>\n<meta name=\"twitter:card\" content=\"summary_large_image\" \/>\n<meta name=\"twitter:site\" content=\"@mobilityguardab\" \/>\n<meta name=\"twitter:label1\" content=\"Ber\u00e4knad l\u00e4stid\" \/>\n\t<meta name=\"twitter:data1\" content=\"1 minut\" \/>\n<script type=\"application\/ld+json\" class=\"yoast-schema-graph\">{\"@context\":\"https:\/\/schema.org\",\"@graph\":[{\"@type\":\"WebPage\",\"@id\":\"https:\/\/www.mobilityguard.com\/sv\/tjanster\/driftstatus\/\",\"url\":\"https:\/\/www.mobilityguard.com\/sv\/tjanster\/driftstatus\/\",\"name\":\"Driftstatus \u2022 Info om aktuella st\u00f6rningar &#8211; MobilityGuard\",\"isPartOf\":{\"@id\":\"https:\/\/www.mobilityguard.com\/#website\"},\"datePublished\":\"2020-06-12T11:36:24+00:00\",\"dateModified\":\"2023-01-31T07:21:13+00:00\",\"description\":\"H\u00e5ll dig uppdaterad ang\u00e5ende aktuella driftst\u00f6rningar i v\u00e5ra tj\u00e4nster hos oss p\u00e5 MobilityGuard.\",\"breadcrumb\":{\"@id\":\"https:\/\/www.mobilityguard.com\/sv\/tjanster\/driftstatus\/#breadcrumb\"},\"inLanguage\":\"sv-SE\",\"potentialAction\":[{\"@type\":\"ReadAction\",\"target\":[\"https:\/\/www.mobilityguard.com\/sv\/tjanster\/driftstatus\/\"]}]},{\"@type\":\"BreadcrumbList\",\"@id\":\"https:\/\/www.mobilityguard.com\/sv\/tjanster\/driftstatus\/#breadcrumb\",\"itemListElement\":[{\"@type\":\"ListItem\",\"position\":1,\"name\":\"Hem\",\"item\":\"https:\/\/www.mobilityguard.com\/sv\/\"},{\"@type\":\"ListItem\",\"position\":2,\"name\":\"Tj\u00e4nster\",\"item\":\"https:\/\/www.mobilityguard.com\/sv\/tjanster\/\"},{\"@type\":\"ListItem\",\"position\":3,\"name\":\"Driftstatus\"}]},{\"@type\":\"WebSite\",\"@id\":\"https:\/\/www.mobilityguard.com\/#website\",\"url\":\"https:\/\/www.mobilityguard.com\/\",\"name\":\"MobilityGuard\",\"description\":\"\",\"publisher\":{\"@id\":\"https:\/\/www.mobilityguard.com\/#organization\"},\"potentialAction\":[{\"@type\":\"SearchAction\",\"target\":{\"@type\":\"EntryPoint\",\"urlTemplate\":\"https:\/\/www.mobilityguard.com\/?s={search_term_string}\"},\"query-input\":{\"@type\":\"PropertyValueSpecification\",\"valueRequired\":true,\"valueName\":\"search_term_string\"}}],\"inLanguage\":\"sv-SE\"},{\"@type\":\"Organization\",\"@id\":\"https:\/\/www.mobilityguard.com\/#organization\",\"name\":\"MobilityGuard\",\"url\":\"https:\/\/www.mobilityguard.com\/\",\"logo\":{\"@type\":\"ImageObject\",\"inLanguage\":\"sv-SE\",\"@id\":\"https:\/\/www.mobilityguard.com\/#\/schema\/logo\/image\/\",\"url\":\"https:\/\/www.mobilityguard.com\/data\/media\/2019\/08\/mobilityguard-logotype.png\",\"contentUrl\":\"https:\/\/www.mobilityguard.com\/data\/media\/2019\/08\/mobilityguard-logotype.png\",\"width\":500,\"height\":70,\"caption\":\"MobilityGuard\"},\"image\":{\"@id\":\"https:\/\/www.mobilityguard.com\/#\/schema\/logo\/image\/\"},\"sameAs\":[\"https:\/\/www.facebook.com\/MobilityGuard\/\",\"https:\/\/x.com\/mobilityguardab\"]}]}<\/script>\n<!-- \/ Yoast SEO plugin. -->","yoast_head_json":{"title":"Driftstatus \u2022 Info om aktuella st\u00f6rningar &#8211; MobilityGuard","description":"H\u00e5ll dig uppdaterad ang\u00e5ende aktuella driftst\u00f6rningar i v\u00e5ra tj\u00e4nster hos oss p\u00e5 MobilityGuard.","robots":{"index":"index","follow":"follow","max-snippet":"max-snippet:-1","max-image-preview":"max-image-preview:large","max-video-preview":"max-video-preview:-1"},"canonical":"https:\/\/www.mobilityguard.com\/sv\/tjanster\/driftstatus\/","og_locale":"sv_SE","og_type":"article","og_title":"Driftstatus \u2022 Info om aktuella st\u00f6rningar &#8211; MobilityGuard","og_description":"H\u00e5ll dig uppdaterad ang\u00e5ende aktuella driftst\u00f6rningar i v\u00e5ra tj\u00e4nster hos oss p\u00e5 MobilityGuard.","og_url":"https:\/\/www.mobilityguard.com\/sv\/tjanster\/driftstatus\/","og_site_name":"MobilityGuard","article_publisher":"https:\/\/www.facebook.com\/MobilityGuard\/","article_modified_time":"2023-01-31T07:21:13+00:00","twitter_card":"summary_large_image","twitter_site":"@mobilityguardab","twitter_misc":{"Ber\u00e4knad l\u00e4stid":"1 minut"},"schema":{"@context":"https:\/\/schema.org","@graph":[{"@type":"WebPage","@id":"https:\/\/www.mobilityguard.com\/sv\/tjanster\/driftstatus\/","url":"https:\/\/www.mobilityguard.com\/sv\/tjanster\/driftstatus\/","name":"Driftstatus \u2022 Info om aktuella st\u00f6rningar &#8211; MobilityGuard","isPartOf":{"@id":"https:\/\/www.mobilityguard.com\/#website"},"datePublished":"2020-06-12T11:36:24+00:00","dateModified":"2023-01-31T07:21:13+00:00","description":"H\u00e5ll dig uppdaterad ang\u00e5ende aktuella driftst\u00f6rningar i v\u00e5ra tj\u00e4nster hos oss p\u00e5 MobilityGuard.","breadcrumb":{"@id":"https:\/\/www.mobilityguard.com\/sv\/tjanster\/driftstatus\/#breadcrumb"},"inLanguage":"sv-SE","potentialAction":[{"@type":"ReadAction","target":["https:\/\/www.mobilityguard.com\/sv\/tjanster\/driftstatus\/"]}]},{"@type":"BreadcrumbList","@id":"https:\/\/www.mobilityguard.com\/sv\/tjanster\/driftstatus\/#breadcrumb","itemListElement":[{"@type":"ListItem","position":1,"name":"Hem","item":"https:\/\/www.mobilityguard.com\/sv\/"},{"@type":"ListItem","position":2,"name":"Tj\u00e4nster","item":"https:\/\/www.mobilityguard.com\/sv\/tjanster\/"},{"@type":"ListItem","position":3,"name":"Driftstatus"}]},{"@type":"WebSite","@id":"https:\/\/www.mobilityguard.com\/#website","url":"https:\/\/www.mobilityguard.com\/","name":"MobilityGuard","description":"","publisher":{"@id":"https:\/\/www.mobilityguard.com\/#organization"},"potentialAction":[{"@type":"SearchAction","target":{"@type":"EntryPoint","urlTemplate":"https:\/\/www.mobilityguard.com\/?s={search_term_string}"},"query-input":{"@type":"PropertyValueSpecification","valueRequired":true,"valueName":"search_term_string"}}],"inLanguage":"sv-SE"},{"@type":"Organization","@id":"https:\/\/www.mobilityguard.com\/#organization","name":"MobilityGuard","url":"https:\/\/www.mobilityguard.com\/","logo":{"@type":"ImageObject","inLanguage":"sv-SE","@id":"https:\/\/www.mobilityguard.com\/#\/schema\/logo\/image\/","url":"https:\/\/www.mobilityguard.com\/data\/media\/2019\/08\/mobilityguard-logotype.png","contentUrl":"https:\/\/www.mobilityguard.com\/data\/media\/2019\/08\/mobilityguard-logotype.png","width":500,"height":70,"caption":"MobilityGuard"},"image":{"@id":"https:\/\/www.mobilityguard.com\/#\/schema\/logo\/image\/"},"sameAs":["https:\/\/www.facebook.com\/MobilityGuard\/","https:\/\/x.com\/mobilityguardab"]}]}},"jetpack_sharing_enabled":true,"_links":{"self":[{"href":"https:\/\/www.mobilityguard.com\/sv\/wp-json\/wp\/v2\/pages\/1286","targetHints":{"allow":["GET"]}}],"collection":[{"href":"https:\/\/www.mobilityguard.com\/sv\/wp-json\/wp\/v2\/pages"}],"about":[{"href":"https:\/\/www.mobilityguard.com\/sv\/wp-json\/wp\/v2\/types\/page"}],"author":[{"embeddable":true,"href":"https:\/\/www.mobilityguard.com\/sv\/wp-json\/wp\/v2\/users\/1"}],"replies":[{"embeddable":true,"href":"https:\/\/www.mobilityguard.com\/sv\/wp-json\/wp\/v2\/comments?post=1286"}],"version-history":[{"count":8,"href":"https:\/\/www.mobilityguard.com\/sv\/wp-json\/wp\/v2\/pages\/1286\/revisions"}],"predecessor-version":[{"id":1649,"href":"https:\/\/www.mobilityguard.com\/sv\/wp-json\/wp\/v2\/pages\/1286\/revisions\/1649"}],"up":[{"embeddable":true,"href":"https:\/\/www.mobilityguard.com\/sv\/wp-json\/wp\/v2\/pages\/1250"}],"wp:attachment":[{"href":"https:\/\/www.mobilityguard.com\/sv\/wp-json\/wp\/v2\/media?parent=1286"}],"curies":[{"name":"wp","href":"https:\/\/api.w.org\/{rel}","templated":true}]}}